{"id":950,"date":"2023-07-29T16:23:21","date_gmt":"2023-07-29T14:23:21","guid":{"rendered":"http:\/\/evergreenolsztyn.com\/?page_id=950"},"modified":"2025-10-06T19:34:15","modified_gmt":"2025-10-06T17:34:15","slug":"cennik-zdjec-nieruchomosci-wnetrz","status":"publish","type":"page","link":"https:\/\/evergreenolsztyn.com\/?page_id=950","title":{"rendered":"Oferta dla zdj\u0119\u0107 nieruchomo\u015bci \/ wn\u0119trz"},"content":{"rendered":"\n<h2 class=\"wp-block-heading\">Cennik sesji zdj\u0119ciowej wn\u0119trz i nieruchomo\u015bci<\/h2>\n\n\n\n<p><\/p>\n\n\n\n<ul class=\"wp-block-list\">\n<li>Pakiet OPTIMUM | 12 zdj\u0119\u0107 | 550z\u0142 (3-4 pokoje, szerokie kadry)<\/li>\n\n\n\n<li>Pakiet PREMIUM | 25 zdj\u0119\u0107 | 1100z\u0142 ( powy\u017cej 4 pokoi, szerokie kadry, wyposa\u017cenie, detale)<\/li>\n\n\n\n<li>Dodatkowe uj\u0119cie 40 z\u0142<\/li>\n\n\n\n<li>Projektant\u00f3w zapraszam do indywidualnego kontaktu na adres: evergreen.poczta@gmail.com, lub telefon: 668453005<\/li>\n<\/ul>\n\n\n\n<p><a href=\"https:\/\/evergreenolsztyn.com\/?page_id=1155\">nasze realizacje<\/a><\/p>\n\n\n\n<p><\/p>\n","protected":false},"excerpt":{"rendered":"<p>Cennik sesji zdj\u0119ciowej wn\u0119trz i nieruchomo\u015bci nasze realizacje<\/p>\n","protected":false},"author":7,"featured_media":0,"parent":0,"menu_order":0,"comment_status":"closed","ping_status":"closed","template":"","meta":{"_uag_custom_page_level_css":"","footnotes":""},"class_list":["post-950","page","type-page","status-publish","hentry"],"yoast_head":"<!-- This site is optimized with the Yoast SEO plugin v27.6 - https:\/\/yoast.com\/product\/yoast-seo-wordpress\/ -->\n<title>Oferta dla zdj\u0119\u0107 nieruchomo\u015bci \/ wn\u0119trz - Evergreen Studio Olsztyn<\/title>\n<meta name=\"robots\" content=\"index, follow, max-snippet:-1, max-image-preview:large, max-video-preview:-1\" \/>\n<link rel=\"canonical\" href=\"http:\/\/evergreenolsztyn.com\/?page_id=950\" \/>\n<meta property=\"og:locale\" content=\"pl_PL\" \/>\n<meta property=\"og:type\" content=\"article\" \/>\n<meta property=\"og:title\" content=\"Oferta dla zdj\u0119\u0107 nieruchomo\u015bci \/ wn\u0119trz - Evergreen Studio Olsztyn\" \/>\n<meta property=\"og:description\" content=\"Cennik sesji zdj\u0119ciowej wn\u0119trz i nieruchomo\u015bci nasze realizacje\" \/>\n<meta property=\"og:url\" content=\"http:\/\/evergreenolsztyn.com\/?page_id=950\" \/>\n<meta property=\"og:site_name\" content=\"Evergreen Studio Olsztyn\" \/>\n<meta property=\"article:modified_time\" content=\"2025-10-06T17:34:15+00:00\" \/>\n<meta name=\"twitter:card\" content=\"summary_large_image\" \/>\n<meta name=\"twitter:label1\" content=\"Szacowany czas czytania\" \/>\n\t<meta name=\"twitter:data1\" content=\"1 minuta\" \/>\n<script type=\"application\/ld+json\" class=\"yoast-schema-graph\">{\"@context\":\"https:\\\/\\\/schema.org\",\"@graph\":[{\"@type\":\"WebPage\",\"@id\":\"http:\\\/\\\/evergreenolsztyn.com\\\/?page_id=950\",\"url\":\"http:\\\/\\\/evergreenolsztyn.com\\\/?page_id=950\",\"name\":\"Oferta dla zdj\u0119\u0107 nieruchomo\u015bci \\\/ wn\u0119trz - Evergreen Studio Olsztyn\",\"isPartOf\":{\"@id\":\"http:\\\/\\\/evergreenolsztyn.com\\\/#website\"},\"datePublished\":\"2023-07-29T14:23:21+00:00\",\"dateModified\":\"2025-10-06T17:34:15+00:00\",\"breadcrumb\":{\"@id\":\"http:\\\/\\\/evergreenolsztyn.com\\\/?page_id=950#breadcrumb\"},\"inLanguage\":\"pl-PL\",\"potentialAction\":[{\"@type\":\"ReadAction\",\"target\":[\"http:\\\/\\\/evergreenolsztyn.com\\\/?page_id=950\"]}]},{\"@type\":\"BreadcrumbList\",\"@id\":\"http:\\\/\\\/evergreenolsztyn.com\\\/?page_id=950#breadcrumb\",\"itemListElement\":[{\"@type\":\"ListItem\",\"position\":1,\"name\":\"Strona g\u0142\u00f3wna\",\"item\":\"http:\\\/\\\/evergreenolsztyn.com\\\/\"},{\"@type\":\"ListItem\",\"position\":2,\"name\":\"Oferta dla zdj\u0119\u0107 nieruchomo\u015bci \\\/ wn\u0119trz\"}]},{\"@type\":\"WebSite\",\"@id\":\"http:\\\/\\\/evergreenolsztyn.com\\\/#website\",\"url\":\"http:\\\/\\\/evergreenolsztyn.com\\\/\",\"name\":\"Evergreen Studio Olsztyn\",\"description\":\"Studio fotograficzne, sesje dzieci\u0119ce, rodzinne, zdj\u0119cia nieruchomo\u015b\u0107i\",\"potentialAction\":[{\"@type\":\"SearchAction\",\"target\":{\"@type\":\"EntryPoint\",\"urlTemplate\":\"http:\\\/\\\/evergreenolsztyn.com\\\/?s={search_term_string}\"},\"query-input\":{\"@type\":\"PropertyValueSpecification\",\"valueRequired\":true,\"valueName\":\"search_term_string\"}}],\"inLanguage\":\"pl-PL\"}]}<\/script>\n<!-- \/ Yoast SEO plugin. -->","yoast_head_json":{"title":"Oferta dla zdj\u0119\u0107 nieruchomo\u015bci \/ wn\u0119trz - Evergreen Studio Olsztyn","robots":{"index":"index","follow":"follow","max-snippet":"max-snippet:-1","max-image-preview":"max-image-preview:large","max-video-preview":"max-video-preview:-1"},"canonical":"http:\/\/evergreenolsztyn.com\/?page_id=950","og_locale":"pl_PL","og_type":"article","og_title":"Oferta dla zdj\u0119\u0107 nieruchomo\u015bci \/ wn\u0119trz - Evergreen Studio Olsztyn","og_description":"Cennik sesji zdj\u0119ciowej wn\u0119trz i nieruchomo\u015bci nasze realizacje","og_url":"http:\/\/evergreenolsztyn.com\/?page_id=950","og_site_name":"Evergreen Studio Olsztyn","article_modified_time":"2025-10-06T17:34:15+00:00","twitter_card":"summary_large_image","twitter_misc":{"Szacowany czas czytania":"1 minuta"},"schema":{"@context":"https:\/\/schema.org","@graph":[{"@type":"WebPage","@id":"http:\/\/evergreenolsztyn.com\/?page_id=950","url":"http:\/\/evergreenolsztyn.com\/?page_id=950","name":"Oferta dla zdj\u0119\u0107 nieruchomo\u015bci \/ wn\u0119trz - Evergreen Studio Olsztyn","isPartOf":{"@id":"http:\/\/evergreenolsztyn.com\/#website"},"datePublished":"2023-07-29T14:23:21+00:00","dateModified":"2025-10-06T17:34:15+00:00","breadcrumb":{"@id":"http:\/\/evergreenolsztyn.com\/?page_id=950#breadcrumb"},"inLanguage":"pl-PL","potentialAction":[{"@type":"ReadAction","target":["http:\/\/evergreenolsztyn.com\/?page_id=950"]}]},{"@type":"BreadcrumbList","@id":"http:\/\/evergreenolsztyn.com\/?page_id=950#breadcrumb","itemListElement":[{"@type":"ListItem","position":1,"name":"Strona g\u0142\u00f3wna","item":"http:\/\/evergreenolsztyn.com\/"},{"@type":"ListItem","position":2,"name":"Oferta dla zdj\u0119\u0107 nieruchomo\u015bci \/ wn\u0119trz"}]},{"@type":"WebSite","@id":"http:\/\/evergreenolsztyn.com\/#website","url":"http:\/\/evergreenolsztyn.com\/","name":"Evergreen Studio Olsztyn","description":"Studio fotograficzne, sesje dzieci\u0119ce, rodzinne, zdj\u0119cia nieruchomo\u015b\u0107i","potentialAction":[{"@type":"SearchAction","target":{"@type":"EntryPoint","urlTemplate":"http:\/\/evergreenolsztyn.com\/?s={search_term_string}"},"query-input":{"@type":"PropertyValueSpecification","valueRequired":true,"valueName":"search_term_string"}}],"inLanguage":"pl-PL"}]}},"uagb_featured_image_src":{"full":false,"thumbnail":false,"medium":false,"medium_large":false,"large":false,"1536x1536":false,"2048x2048":false,"oria-carousel":false,"oria-small-thumb":false,"oria-large-thumb":false},"uagb_author_info":{"display_name":"Rados\u0142aw","author_link":"https:\/\/evergreenolsztyn.com\/?author=7"},"uagb_comment_info":0,"uagb_excerpt":"Cennik sesji zdj\u0119ciowej wn\u0119trz i nieruchomo\u015bci nasze realizacje","jetpack_sharing_enabled":true,"jetpack_shortlink":"https:\/\/wp.me\/PaWyYL-fk","_links":{"self":[{"href":"https:\/\/evergreenolsztyn.com\/index.php?rest_route=\/wp\/v2\/pages\/950","targetHints":{"allow":["GET"]}}],"collection":[{"href":"https:\/\/evergreenolsztyn.com\/index.php?rest_route=\/wp\/v2\/pages"}],"about":[{"href":"https:\/\/evergreenolsztyn.com\/index.php?rest_route=\/wp\/v2\/types\/page"}],"author":[{"embeddable":true,"href":"https:\/\/evergreenolsztyn.com\/index.php?rest_route=\/wp\/v2\/users\/7"}],"replies":[{"embeddable":true,"href":"https:\/\/evergreenolsztyn.com\/index.php?rest_route=%2Fwp%2Fv2%2Fcomments&post=950"}],"version-history":[{"count":9,"href":"https:\/\/evergreenolsztyn.com\/index.php?rest_route=\/wp\/v2\/pages\/950\/revisions"}],"predecessor-version":[{"id":1201,"href":"https:\/\/evergreenolsztyn.com\/index.php?rest_route=\/wp\/v2\/pages\/950\/revisions\/1201"}],"wp:attachment":[{"href":"https:\/\/evergreenolsztyn.com\/index.php?rest_route=%2Fwp%2Fv2%2Fmedia&parent=950"}],"curies":[{"name":"wp","href":"https:\/\/api.w.org\/{rel}","templated":true}]}}