{"id":82,"date":"2019-05-01T18:02:48","date_gmt":"2019-05-01T18:02:48","guid":{"rendered":"http:\/\/evergreenolsztyn.com\/?page_id=82"},"modified":"2019-05-03T14:24:40","modified_gmt":"2019-05-03T14:24:40","slug":"kontakt","status":"publish","type":"page","link":"https:\/\/evergreenolsztyn.com\/?page_id=82","title":{"rendered":"Kontakt"},"content":{"rendered":"\n<p>Dzi\u0119kuj\u0119, \u017ce tu jeste\u015b \ud83d\ude42<\/p>\n\n\n\n<p>Oto jak mo\u017cesz si\u0119 um\u00f3wi\u0107 na sesj\u0119<\/p>\n\n\n\n<p>tel: 668453005<\/p>\n\n\n\n<p>email: evergreen.poczta@gmail.com <\/p>\n\n\n\n<p>fb:   <a href=\"https:\/\/www.facebook.com\/EvergreenStudioOlsztynFotografia\/\">EvergreenStudioOlsztynFotografia<\/a><br><a href=\"https:\/\/www.facebook.com\/EvergreenStudioOlsztynFotografia\/\">\/<\/a>  <\/p>\n","protected":false},"excerpt":{"rendered":"<p>Dzi\u0119kuj\u0119, \u017ce tu jeste\u015b \ud83d\ude42 Oto jak mo\u017cesz si\u0119 um\u00f3wi\u0107 na sesj\u0119 tel: 668453005 email: evergreen.poczta@gmail.com fb: EvergreenStudioOlsztynFotografia\/<\/p>\n","protected":false},"author":7,"featured_media":0,"parent":0,"menu_order":0,"comment_status":"closed","ping_status":"closed","template":"","meta":{"_uag_custom_page_level_css":"","footnotes":""},"class_list":["post-82","page","type-page","status-publish","hentry"],"yoast_head":"<!-- This site is optimized with the Yoast SEO plugin v27.6 - https:\/\/yoast.com\/product\/yoast-seo-wordpress\/ -->\n<title>Kontakt - Evergreen Studio Olsztyn<\/title>\n<meta name=\"robots\" content=\"index, follow, max-snippet:-1, max-image-preview:large, max-video-preview:-1\" \/>\n<link rel=\"canonical\" href=\"https:\/\/evergreenolsztyn.com\/?page_id=82\" \/>\n<meta property=\"og:locale\" content=\"pl_PL\" \/>\n<meta property=\"og:type\" content=\"article\" \/>\n<meta property=\"og:title\" content=\"Kontakt - Evergreen Studio Olsztyn\" \/>\n<meta property=\"og:description\" content=\"Dzi\u0119kuj\u0119, \u017ce tu jeste\u015b \ud83d\ude42 Oto jak mo\u017cesz si\u0119 um\u00f3wi\u0107 na sesj\u0119 tel: 668453005 email: evergreen.poczta@gmail.com fb: EvergreenStudioOlsztynFotografia\/\" \/>\n<meta property=\"og:url\" content=\"https:\/\/evergreenolsztyn.com\/?page_id=82\" \/>\n<meta property=\"og:site_name\" content=\"Evergreen Studio Olsztyn\" \/>\n<meta property=\"article:modified_time\" content=\"2019-05-03T14:24:40+00:00\" \/>\n<meta name=\"twitter:card\" content=\"summary_large_image\" \/>\n<script type=\"application\/ld+json\" class=\"yoast-schema-graph\">{\"@context\":\"https:\\\/\\\/schema.org\",\"@graph\":[{\"@type\":\"WebPage\",\"@id\":\"https:\\\/\\\/evergreenolsztyn.com\\\/?page_id=82\",\"url\":\"https:\\\/\\\/evergreenolsztyn.com\\\/?page_id=82\",\"name\":\"Kontakt - Evergreen Studio Olsztyn\",\"isPartOf\":{\"@id\":\"http:\\\/\\\/evergreenolsztyn.com\\\/#website\"},\"datePublished\":\"2019-05-01T18:02:48+00:00\",\"dateModified\":\"2019-05-03T14:24:40+00:00\",\"breadcrumb\":{\"@id\":\"https:\\\/\\\/evergreenolsztyn.com\\\/?page_id=82#breadcrumb\"},\"inLanguage\":\"pl-PL\",\"potentialAction\":[{\"@type\":\"ReadAction\",\"target\":[\"https:\\\/\\\/evergreenolsztyn.com\\\/?page_id=82\"]}]},{\"@type\":\"BreadcrumbList\",\"@id\":\"https:\\\/\\\/evergreenolsztyn.com\\\/?page_id=82#breadcrumb\",\"itemListElement\":[{\"@type\":\"ListItem\",\"position\":1,\"name\":\"Strona g\u0142\u00f3wna\",\"item\":\"http:\\\/\\\/evergreenolsztyn.com\\\/\"},{\"@type\":\"ListItem\",\"position\":2,\"name\":\"Kontakt\"}]},{\"@type\":\"WebSite\",\"@id\":\"http:\\\/\\\/evergreenolsztyn.com\\\/#website\",\"url\":\"http:\\\/\\\/evergreenolsztyn.com\\\/\",\"name\":\"Evergreen Studio Olsztyn\",\"description\":\"Studio fotograficzne, sesje dzieci\u0119ce, rodzinne, zdj\u0119cia nieruchomo\u015b\u0107i\",\"potentialAction\":[{\"@type\":\"SearchAction\",\"target\":{\"@type\":\"EntryPoint\",\"urlTemplate\":\"http:\\\/\\\/evergreenolsztyn.com\\\/?s={search_term_string}\"},\"query-input\":{\"@type\":\"PropertyValueSpecification\",\"valueRequired\":true,\"valueName\":\"search_term_string\"}}],\"inLanguage\":\"pl-PL\"}]}<\/script>\n<!-- \/ Yoast SEO plugin. -->","yoast_head_json":{"title":"Kontakt - Evergreen Studio Olsztyn","robots":{"index":"index","follow":"follow","max-snippet":"max-snippet:-1","max-image-preview":"max-image-preview:large","max-video-preview":"max-video-preview:-1"},"canonical":"https:\/\/evergreenolsztyn.com\/?page_id=82","og_locale":"pl_PL","og_type":"article","og_title":"Kontakt - Evergreen Studio Olsztyn","og_description":"Dzi\u0119kuj\u0119, \u017ce tu jeste\u015b \ud83d\ude42 Oto jak mo\u017cesz si\u0119 um\u00f3wi\u0107 na sesj\u0119 tel: 668453005 email: evergreen.poczta@gmail.com fb: EvergreenStudioOlsztynFotografia\/","og_url":"https:\/\/evergreenolsztyn.com\/?page_id=82","og_site_name":"Evergreen Studio Olsztyn","article_modified_time":"2019-05-03T14:24:40+00:00","twitter_card":"summary_large_image","schema":{"@context":"https:\/\/schema.org","@graph":[{"@type":"WebPage","@id":"https:\/\/evergreenolsztyn.com\/?page_id=82","url":"https:\/\/evergreenolsztyn.com\/?page_id=82","name":"Kontakt - Evergreen Studio Olsztyn","isPartOf":{"@id":"http:\/\/evergreenolsztyn.com\/#website"},"datePublished":"2019-05-01T18:02:48+00:00","dateModified":"2019-05-03T14:24:40+00:00","breadcrumb":{"@id":"https:\/\/evergreenolsztyn.com\/?page_id=82#breadcrumb"},"inLanguage":"pl-PL","potentialAction":[{"@type":"ReadAction","target":["https:\/\/evergreenolsztyn.com\/?page_id=82"]}]},{"@type":"BreadcrumbList","@id":"https:\/\/evergreenolsztyn.com\/?page_id=82#breadcrumb","itemListElement":[{"@type":"ListItem","position":1,"name":"Strona g\u0142\u00f3wna","item":"http:\/\/evergreenolsztyn.com\/"},{"@type":"ListItem","position":2,"name":"Kontakt"}]},{"@type":"WebSite","@id":"http:\/\/evergreenolsztyn.com\/#website","url":"http:\/\/evergreenolsztyn.com\/","name":"Evergreen Studio Olsztyn","description":"Studio fotograficzne, sesje dzieci\u0119ce, rodzinne, zdj\u0119cia nieruchomo\u015b\u0107i","potentialAction":[{"@type":"SearchAction","target":{"@type":"EntryPoint","urlTemplate":"http:\/\/evergreenolsztyn.com\/?s={search_term_string}"},"query-input":{"@type":"PropertyValueSpecification","valueRequired":true,"valueName":"search_term_string"}}],"inLanguage":"pl-PL"}]}},"uagb_featured_image_src":{"full":false,"thumbnail":false,"medium":false,"medium_large":false,"large":false,"1536x1536":false,"2048x2048":false,"oria-carousel":false,"oria-small-thumb":false,"oria-large-thumb":false},"uagb_author_info":{"display_name":"Rados\u0142aw","author_link":"https:\/\/evergreenolsztyn.com\/?author=7"},"uagb_comment_info":0,"uagb_excerpt":"Dzi\u0119kuj\u0119, \u017ce tu jeste\u015b \ud83d\ude42 Oto jak mo\u017cesz si\u0119 um\u00f3wi\u0107 na sesj\u0119 tel: 668453005 email: evergreen.poczta@gmail.com fb: EvergreenStudioOlsztynFotografia\/","jetpack_sharing_enabled":true,"jetpack_shortlink":"https:\/\/wp.me\/PaWyYL-1k","_links":{"self":[{"href":"https:\/\/evergreenolsztyn.com\/index.php?rest_route=\/wp\/v2\/pages\/82","targetHints":{"allow":["GET"]}}],"collection":[{"href":"https:\/\/evergreenolsztyn.com\/index.php?rest_route=\/wp\/v2\/pages"}],"about":[{"href":"https:\/\/evergreenolsztyn.com\/index.php?rest_route=\/wp\/v2\/types\/page"}],"author":[{"embeddable":true,"href":"https:\/\/evergreenolsztyn.com\/index.php?rest_route=\/wp\/v2\/users\/7"}],"replies":[{"embeddable":true,"href":"https:\/\/evergreenolsztyn.com\/index.php?rest_route=%2Fwp%2Fv2%2Fcomments&post=82"}],"version-history":[{"count":2,"href":"https:\/\/evergreenolsztyn.com\/index.php?rest_route=\/wp\/v2\/pages\/82\/revisions"}],"predecessor-version":[{"id":292,"href":"https:\/\/evergreenolsztyn.com\/index.php?rest_route=\/wp\/v2\/pages\/82\/revisions\/292"}],"wp:attachment":[{"href":"https:\/\/evergreenolsztyn.com\/index.php?rest_route=%2Fwp%2Fv2%2Fmedia&parent=82"}],"curies":[{"name":"wp","href":"https:\/\/api.w.org\/{rel}","templated":true}]}}