{"id":81,"date":"2019-05-01T18:02:48","date_gmt":"2019-05-01T18:02:48","guid":{"rendered":"http:\/\/evergreenolsztyn.com\/?page_id=81"},"modified":"2023-09-04T20:26:28","modified_gmt":"2023-09-04T18:26:28","slug":"o-mnie","status":"publish","type":"page","link":"https:\/\/evergreenolsztyn.com\/","title":{"rendered":"O nas"},"content":{"rendered":"\n<div class=\"wp-block-uagb-container uagb-block-f38d1964 alignfull uagb-is-root-container\"><div class=\"uagb-container-inner-blocks-wrap\">\n<div class=\"wp-block-uagb-container uagb-block-71661a51\">\n<figure class=\"wp-block-image size-full\"><a href=\"https:\/\/evergreenolsztyn.com\/wp-content\/uploads\/2023\/01\/log-fb-1.jpeg\"><img loading=\"lazy\" decoding=\"async\" width=\"320\" height=\"320\" data-attachment-id=\"620\" data-permalink=\"https:\/\/evergreenolsztyn.com\/?attachment_id=620\" data-orig-file=\"https:\/\/evergreenolsztyn.com\/wp-content\/uploads\/2023\/01\/log-fb-1.jpeg\" data-orig-size=\"320,320\" data-comments-opened=\"1\" data-image-meta=\"{&quot;aperture&quot;:&quot;0&quot;,&quot;credit&quot;:&quot;&quot;,&quot;camera&quot;:&quot;&quot;,&quot;caption&quot;:&quot;&quot;,&quot;created_timestamp&quot;:&quot;0&quot;,&quot;copyright&quot;:&quot;&quot;,&quot;focal_length&quot;:&quot;0&quot;,&quot;iso&quot;:&quot;0&quot;,&quot;shutter_speed&quot;:&quot;0&quot;,&quot;title&quot;:&quot;&quot;,&quot;orientation&quot;:&quot;0&quot;}\" data-image-title=\"log-fb-1\" data-image-description=\"\" data-image-caption=\"\" data-large-file=\"https:\/\/evergreenolsztyn.com\/wp-content\/uploads\/2023\/01\/log-fb-1.jpeg\" src=\"https:\/\/evergreenolsztyn.com\/wp-content\/uploads\/2023\/01\/log-fb-1.jpeg\" alt=\"\" class=\"wp-image-620\" srcset=\"https:\/\/evergreenolsztyn.com\/wp-content\/uploads\/2023\/01\/log-fb-1.jpeg 320w, https:\/\/evergreenolsztyn.com\/wp-content\/uploads\/2023\/01\/log-fb-1-300x300.jpeg 300w, https:\/\/evergreenolsztyn.com\/wp-content\/uploads\/2023\/01\/log-fb-1-150x150.jpeg 150w\" sizes=\"auto, (max-width: 320px) 100vw, 320px\" \/><\/a><\/figure>\n\n\n\n<div class=\"wp-block-uagb-advanced-heading uagb-block-2e873538\"><p class=\"uagb-heading-text\">\ud83d\ude42 <\/p><\/div>\n<\/div>\n\n\n\n<div class=\"wp-block-uagb-container uagb-block-6767eab6\">\n<p>Ciesz\u0119, \u017ce jeste\u015b na mojej stronie.<\/p>\n\n\n\n<p>Mo\u017cesz si\u0119 \u015bmia\u0142o rozgo\u015bci\u0107. Mamy nadziej\u0119, \u017ce b\u0119dzie to mi\u0142a wizyta. To co najbardziej inspiruje nas do fotografowania to szcz\u0119\u015bcie, pi\u0119kno i mi\u0142o\u015b\u0107. Pr\u00f3bujemy fotografi\u0105 \u0142apa\u0107 cenne ulotne chwile.<\/p>\n\n\n\n<p>Zajmujemy si\u0119 fotografi\u0105 portretow\u0105 oraz fotografi\u0105 wn\u0119trz i przedmiot\u00f3w. Uwielbiamy wydobywa\u0107, podkre\u015bla\u0107 pi\u0119kno podczas portretowania. Sesje wykonujemy w studio oraz w plenerze. <\/p>\n\n\n\n<p>Je\u015bli chcesz um\u00f3wi\u0107 si\u0119 z nami na sesj\u0119 zdj\u0119ciow\u0105 do Evergreen Studio Olsztyn, mo\u017cesz zadzwoni\u0107, napisa\u0107 wiadomo\u015b\u0107 e mail, lub wiadomo\u015b\u0107 na naszym Facebook u.  Na pewno odezwiemy si\u0119 i odpowiemy na wszystkie pytania. <br><\/p>\n\n\n\n<p><\/p>\n<\/div>\n<\/div><\/div>\n\n\n\n<div class=\"wp-block-uagb-container uagb-block-5c0436e8 alignfull uagb-is-root-container\"><div class=\"uagb-container-inner-blocks-wrap\">\n<div class=\"wp-block-uagb-container uagb-block-b9178e9c\">\n<div class=\"wp-block-uagb-container uagb-block-91d35a13\">\n<div class=\"wp-block-uagb-advanced-heading uagb-block-9d7e18b6\"><p class=\"uagb-heading-text\">Zapraszamy serdecznie<br> <\/p><\/div>\n<\/div>\n\n\n\n<div class=\"wp-block-uagb-container uagb-block-c0b22a16\">\n<div class=\"wp-block-uagb-image uagb-block-3846993d wp-block-uagb-image--layout-default wp-block-uagb-image--effect-static wp-block-uagb-image--align-none\"><figure class=\"wp-block-uagb-image__figure\"><img decoding=\"async\" srcset=\"https:\/\/evergreenolsztyn.com\/wp-content\/uploads\/2023\/01\/DSC_0234lo-1024x683.jpg \" sizes=\"auto, (max-width: 480px) 150px\" src=\"https:\/\/evergreenolsztyn.com\/wp-content\/uploads\/2023\/01\/DSC_0234lo-1024x683.jpg\" alt=\"\" class=\"uag-image-621\" width=\"1024\" height=\"683\" title=\"\" loading=\"lazy\"\/><\/figure><\/div>\n<\/div>\n<\/div>\n<\/div><\/div>\n\n\n\n<div class=\"wp-block-uagb-container uagb-block-340b5ca9 alignfull uagb-is-root-container\"><div class=\"uagb-container-inner-blocks-wrap\">\n<div class=\"wp-block-uagb-container uagb-block-0d37d4a5\">\n<div class=\"wp-block-uagb-advanced-heading uagb-block-1f5a8a10\"><h2 class=\"uagb-heading-text\">&#8230;<\/h2><\/div>\n\n\n\n<div class=\"wp-block-uagb-container uagb-block-b17e2350\">\n<div class=\"wp-block-uagb-container uagb-block-88c6e20f\"><\/div>\n<\/div>\n\n\n\n<div class=\"wp-block-uagb-container uagb-block-fdd5efd3\"><\/div>\n\n\n\n<div class=\"wp-block-uagb-container uagb-block-db7a9d23\"><\/div>\n<\/div>\n<\/div><\/div>\n\n\n\n<p>Rodo<\/p>\n\n\n\n<p><strong>W zwi\u0105zku z tym, \u017ce zdj\u0119cia b\u0119d\u0105 zaliczane do danych osobowych, a wykonywanie zdj\u0119\u0107 ich obr\u00f3bka oraz przekazywanie do wywo\u0142ania to inaczej \u201eadministrowanie danymi osobowymi\u201d zobowi\u0105zani jeste\u015bmy do poni\u017cszej informacji&nbsp;<\/strong><strong><\/strong><strong><\/strong><\/p>\n\n\n\n<p><strong>Klauzula informacyjna zgodna z RODO<\/strong><\/p>\n\n\n\n<p>Na podstawie Rozporz\u0105dzenia Parlamentu Europejskiego i Rady (UE) 2016\/679 z dnia 27 kwietnia 2016 r. w sprawie ochrony os\u00f3b fizycznych w zwi\u0105zku z przetwarzaniem danych osobowych i w sprawie swobodnego przep\u0142ywu takich danych oraz uchylenia dyrektywy 95\/46\/WE, zwanego dalej \u201eRozporz\u0105dzeniem\u201d, informujemy, \u017ce:<\/p>\n\n\n\n<ol class=\"wp-block-list\" type=\"1\" start=\"1\">\n<li>Administratorem Pani\/Pana danych osobowych tj.&nbsp; jest Evergreen Studio Olsztyn  \u015awierk, ul. Borowa 10\/4, 10-242 Olsztyn, NIP&nbsp;7393040387<\/li>\n\n\n\n<li>Celem zbierania danych jest przeprowadzenie sesji zdj\u0119ciowej wraz z wywo\u0142aniem zdj\u0119\u0107.<\/li>\n\n\n\n<li>Przys\u0142uguje Pani\/Panu prawo dost\u0119pu do tre\u015bci danych oraz ich sprostowania, usuni\u0119cia lub ograniczenia przetwarzania, a tak\u017ce prawo sprzeciwu, za\u017c\u0105dania zaprzestania przetwarzania i przenoszenia danych, jak r\u00f3wnie\u017c prawo do cofni\u0119cia zgody w dowolnym momencie oraz prawo do wniesienia skargi do organu nadzorczego (tj.: do&nbsp;<em>Prezesa Urz\u0119du Ochrony Danych Osobowych).<\/em><\/li>\n\n\n\n<li>Podanie danych jest dobrowolne. W przypadku nie podania danych nie b\u0119dzie mo\u017cliwe przeprowadzenie sesji zdj\u0119ciowej.<\/li>\n\n\n\n<li>Zdj\u0119cia b\u0119d\u0105 udost\u0119pnione w celu wykonania odbitek podmiotom trzecim na podstawie zawartej z &nbsp;Evergreen Studio Olsztyn \u015awierk umowy powierzenia przetwarzania danych osobowych.<\/li>\n\n\n\n<li>Administrator danych nie b\u0119dzie przekazywa\u0107 danych osobowych do pa\u0144stwa trzeciego lub organizacji mi\u0119dzynarodowej.<\/li>\n\n\n\n<li>Dane udost\u0119pnione przez Pani\u0105\/Pana nie b\u0119d\u0105 podlega\u0142y profilowaniu.<\/li>\n\n\n\n<li>Pani\/Pana dane osobowe b\u0119d\u0105 przetwarzane &nbsp;przez okres niezb\u0119dny do realizacji cel\u00f3w przetwarzania, tj. na potrzeby wykonania sesji zdj\u0119ciowej oraz do czasu odebrania odbitek. W przypadku nieodebrania odbitek w okresie 3\/6 miesi\u0119cy zostan\u0105 one usuni\u0119te. &nbsp;<\/li>\n\n\n\n<li><\/li>\n<\/ol>\n","protected":false},"excerpt":{"rendered":"<p>\ud83d\ude42 Ciesz\u0119, \u017ce jeste\u015b na mojej stronie. Mo\u017cesz si\u0119 \u015bmia\u0142o rozgo\u015bci\u0107. Mamy nadziej\u0119, \u017ce b\u0119dzie to mi\u0142a wizyta. To co najbardziej inspiruje nas do fotografowania to szcz\u0119\u015bcie, pi\u0119kno i mi\u0142o\u015b\u0107. Pr\u00f3bujemy fotografi\u0105 \u0142apa\u0107 cenne ulotne<a class=\"read-more\" href=\"https:\/\/evergreenolsztyn.com\/\">Continue reading<\/a><\/p>\n","protected":false},"author":7,"featured_media":0,"parent":0,"menu_order":0,"comment_status":"closed","ping_status":"closed","template":"","meta":{"_uag_custom_page_level_css":"","footnotes":""},"class_list":["post-81","page","type-page","status-publish","hentry"],"yoast_head":"<!-- This site is optimized with the Yoast SEO plugin v27.6 - https:\/\/yoast.com\/product\/yoast-seo-wordpress\/ -->\n<title>O nas - Evergreen Studio Olsztyn<\/title>\n<meta name=\"robots\" content=\"index, follow, max-snippet:-1, max-image-preview:large, max-video-preview:-1\" \/>\n<link rel=\"canonical\" href=\"http:\/\/evergreenolsztyn.com\/\" \/>\n<meta property=\"og:locale\" content=\"pl_PL\" \/>\n<meta property=\"og:type\" content=\"article\" \/>\n<meta property=\"og:title\" content=\"O nas - Evergreen Studio Olsztyn\" \/>\n<meta property=\"og:description\" content=\"\ud83d\ude42 Ciesz\u0119, \u017ce jeste\u015b na mojej stronie. Mo\u017cesz si\u0119 \u015bmia\u0142o rozgo\u015bci\u0107. Mamy nadziej\u0119, \u017ce b\u0119dzie to mi\u0142a wizyta. To co najbardziej inspiruje nas do fotografowania to szcz\u0119\u015bcie, pi\u0119kno i mi\u0142o\u015b\u0107. Pr\u00f3bujemy fotografi\u0105 \u0142apa\u0107 cenne ulotneContinue reading\" \/>\n<meta property=\"og:url\" content=\"http:\/\/evergreenolsztyn.com\/\" \/>\n<meta property=\"og:site_name\" content=\"Evergreen Studio Olsztyn\" \/>\n<meta property=\"article:modified_time\" content=\"2023-09-04T18:26:28+00:00\" \/>\n<meta property=\"og:image\" content=\"https:\/\/evergreenolsztyn.com\/wp-content\/uploads\/2023\/01\/log-fb-1.jpeg\" \/>\n<meta name=\"twitter:card\" content=\"summary_large_image\" \/>\n<meta name=\"twitter:label1\" content=\"Szacowany czas czytania\" \/>\n\t<meta name=\"twitter:data1\" content=\"3 minuty\" \/>\n<script type=\"application\/ld+json\" class=\"yoast-schema-graph\">{\"@context\":\"https:\\\/\\\/schema.org\",\"@graph\":[{\"@type\":\"WebPage\",\"@id\":\"http:\\\/\\\/evergreenolsztyn.com\\\/\",\"url\":\"http:\\\/\\\/evergreenolsztyn.com\\\/\",\"name\":\"O nas - Evergreen Studio Olsztyn\",\"isPartOf\":{\"@id\":\"http:\\\/\\\/evergreenolsztyn.com\\\/#website\"},\"primaryImageOfPage\":{\"@id\":\"http:\\\/\\\/evergreenolsztyn.com\\\/#primaryimage\"},\"image\":{\"@id\":\"http:\\\/\\\/evergreenolsztyn.com\\\/#primaryimage\"},\"thumbnailUrl\":\"https:\\\/\\\/evergreenolsztyn.com\\\/wp-content\\\/uploads\\\/2023\\\/01\\\/log-fb-1.jpeg\",\"datePublished\":\"2019-05-01T18:02:48+00:00\",\"dateModified\":\"2023-09-04T18:26:28+00:00\",\"breadcrumb\":{\"@id\":\"http:\\\/\\\/evergreenolsztyn.com\\\/#breadcrumb\"},\"inLanguage\":\"pl-PL\",\"potentialAction\":[{\"@type\":\"ReadAction\",\"target\":[\"http:\\\/\\\/evergreenolsztyn.com\\\/\"]}]},{\"@type\":\"ImageObject\",\"inLanguage\":\"pl-PL\",\"@id\":\"http:\\\/\\\/evergreenolsztyn.com\\\/#primaryimage\",\"url\":\"https:\\\/\\\/evergreenolsztyn.com\\\/wp-content\\\/uploads\\\/2023\\\/01\\\/log-fb-1.jpeg\",\"contentUrl\":\"https:\\\/\\\/evergreenolsztyn.com\\\/wp-content\\\/uploads\\\/2023\\\/01\\\/log-fb-1.jpeg\",\"width\":320,\"height\":320},{\"@type\":\"BreadcrumbList\",\"@id\":\"http:\\\/\\\/evergreenolsztyn.com\\\/#breadcrumb\",\"itemListElement\":[{\"@type\":\"ListItem\",\"position\":1,\"name\":\"Strona g\u0142\u00f3wna\",\"item\":\"http:\\\/\\\/evergreenolsztyn.com\\\/\"},{\"@type\":\"ListItem\",\"position\":2,\"name\":\"O nas\"}]},{\"@type\":\"WebSite\",\"@id\":\"http:\\\/\\\/evergreenolsztyn.com\\\/#website\",\"url\":\"http:\\\/\\\/evergreenolsztyn.com\\\/\",\"name\":\"Evergreen Studio Olsztyn\",\"description\":\"Studio fotograficzne, sesje dzieci\u0119ce, rodzinne, zdj\u0119cia nieruchomo\u015b\u0107i\",\"potentialAction\":[{\"@type\":\"SearchAction\",\"target\":{\"@type\":\"EntryPoint\",\"urlTemplate\":\"http:\\\/\\\/evergreenolsztyn.com\\\/?s={search_term_string}\"},\"query-input\":{\"@type\":\"PropertyValueSpecification\",\"valueRequired\":true,\"valueName\":\"search_term_string\"}}],\"inLanguage\":\"pl-PL\"}]}<\/script>\n<!-- \/ Yoast SEO plugin. -->","yoast_head_json":{"title":"O nas - Evergreen Studio Olsztyn","robots":{"index":"index","follow":"follow","max-snippet":"max-snippet:-1","max-image-preview":"max-image-preview:large","max-video-preview":"max-video-preview:-1"},"canonical":"http:\/\/evergreenolsztyn.com\/","og_locale":"pl_PL","og_type":"article","og_title":"O nas - Evergreen Studio Olsztyn","og_description":"\ud83d\ude42 Ciesz\u0119, \u017ce jeste\u015b na mojej stronie. Mo\u017cesz si\u0119 \u015bmia\u0142o rozgo\u015bci\u0107. Mamy nadziej\u0119, \u017ce b\u0119dzie to mi\u0142a wizyta. To co najbardziej inspiruje nas do fotografowania to szcz\u0119\u015bcie, pi\u0119kno i mi\u0142o\u015b\u0107. Pr\u00f3bujemy fotografi\u0105 \u0142apa\u0107 cenne ulotneContinue reading","og_url":"http:\/\/evergreenolsztyn.com\/","og_site_name":"Evergreen Studio Olsztyn","article_modified_time":"2023-09-04T18:26:28+00:00","og_image":[{"url":"https:\/\/evergreenolsztyn.com\/wp-content\/uploads\/2023\/01\/log-fb-1.jpeg","type":"","width":"","height":""}],"twitter_card":"summary_large_image","twitter_misc":{"Szacowany czas czytania":"3 minuty"},"schema":{"@context":"https:\/\/schema.org","@graph":[{"@type":"WebPage","@id":"http:\/\/evergreenolsztyn.com\/","url":"http:\/\/evergreenolsztyn.com\/","name":"O nas - Evergreen Studio Olsztyn","isPartOf":{"@id":"http:\/\/evergreenolsztyn.com\/#website"},"primaryImageOfPage":{"@id":"http:\/\/evergreenolsztyn.com\/#primaryimage"},"image":{"@id":"http:\/\/evergreenolsztyn.com\/#primaryimage"},"thumbnailUrl":"https:\/\/evergreenolsztyn.com\/wp-content\/uploads\/2023\/01\/log-fb-1.jpeg","datePublished":"2019-05-01T18:02:48+00:00","dateModified":"2023-09-04T18:26:28+00:00","breadcrumb":{"@id":"http:\/\/evergreenolsztyn.com\/#breadcrumb"},"inLanguage":"pl-PL","potentialAction":[{"@type":"ReadAction","target":["http:\/\/evergreenolsztyn.com\/"]}]},{"@type":"ImageObject","inLanguage":"pl-PL","@id":"http:\/\/evergreenolsztyn.com\/#primaryimage","url":"https:\/\/evergreenolsztyn.com\/wp-content\/uploads\/2023\/01\/log-fb-1.jpeg","contentUrl":"https:\/\/evergreenolsztyn.com\/wp-content\/uploads\/2023\/01\/log-fb-1.jpeg","width":320,"height":320},{"@type":"BreadcrumbList","@id":"http:\/\/evergreenolsztyn.com\/#breadcrumb","itemListElement":[{"@type":"ListItem","position":1,"name":"Strona g\u0142\u00f3wna","item":"http:\/\/evergreenolsztyn.com\/"},{"@type":"ListItem","position":2,"name":"O nas"}]},{"@type":"WebSite","@id":"http:\/\/evergreenolsztyn.com\/#website","url":"http:\/\/evergreenolsztyn.com\/","name":"Evergreen Studio Olsztyn","description":"Studio fotograficzne, sesje dzieci\u0119ce, rodzinne, zdj\u0119cia nieruchomo\u015b\u0107i","potentialAction":[{"@type":"SearchAction","target":{"@type":"EntryPoint","urlTemplate":"http:\/\/evergreenolsztyn.com\/?s={search_term_string}"},"query-input":{"@type":"PropertyValueSpecification","valueRequired":true,"valueName":"search_term_string"}}],"inLanguage":"pl-PL"}]}},"uagb_featured_image_src":{"full":false,"thumbnail":false,"medium":false,"medium_large":false,"large":false,"1536x1536":false,"2048x2048":false,"oria-carousel":false,"oria-small-thumb":false,"oria-large-thumb":false},"uagb_author_info":{"display_name":"Rados\u0142aw","author_link":"https:\/\/evergreenolsztyn.com\/?author=7"},"uagb_comment_info":0,"uagb_excerpt":"\ud83d\ude42 Ciesz\u0119, \u017ce jeste\u015b na mojej stronie. Mo\u017cesz si\u0119 \u015bmia\u0142o rozgo\u015bci\u0107. Mamy nadziej\u0119, \u017ce b\u0119dzie to mi\u0142a wizyta. To co najbardziej inspiruje nas do fotografowania to szcz\u0119\u015bcie, pi\u0119kno i mi\u0142o\u015b\u0107. Pr\u00f3bujemy fotografi\u0105 \u0142apa\u0107 cenne ulotneContinue reading","jetpack_sharing_enabled":true,"jetpack_shortlink":"https:\/\/wp.me\/PaWyYL-1j","_links":{"self":[{"href":"https:\/\/evergreenolsztyn.com\/index.php?rest_route=\/wp\/v2\/pages\/81","targetHints":{"allow":["GET"]}}],"collection":[{"href":"https:\/\/evergreenolsztyn.com\/index.php?rest_route=\/wp\/v2\/pages"}],"about":[{"href":"https:\/\/evergreenolsztyn.com\/index.php?rest_route=\/wp\/v2\/types\/page"}],"author":[{"embeddable":true,"href":"https:\/\/evergreenolsztyn.com\/index.php?rest_route=\/wp\/v2\/users\/7"}],"replies":[{"embeddable":true,"href":"https:\/\/evergreenolsztyn.com\/index.php?rest_route=%2Fwp%2Fv2%2Fcomments&post=81"}],"version-history":[{"count":12,"href":"https:\/\/evergreenolsztyn.com\/index.php?rest_route=\/wp\/v2\/pages\/81\/revisions"}],"predecessor-version":[{"id":1114,"href":"https:\/\/evergreenolsztyn.com\/index.php?rest_route=\/wp\/v2\/pages\/81\/revisions\/1114"}],"wp:attachment":[{"href":"https:\/\/evergreenolsztyn.com\/index.php?rest_route=%2Fwp%2Fv2%2Fmedia&parent=81"}],"curies":[{"name":"wp","href":"https:\/\/api.w.org\/{rel}","templated":true}]}}