{"id":79,"date":"2019-05-01T18:02:48","date_gmt":"2019-05-01T18:02:48","guid":{"rendered":"http:\/\/evergreenolsztyn.com\/?page_id=79"},"modified":"2025-09-27T17:44:55","modified_gmt":"2025-09-27T15:44:55","slug":"oferta","status":"publish","type":"page","link":"https:\/\/evergreenolsztyn.com\/?page_id=79","title":{"rendered":"Oferta sesje os\u00f3b"},"content":{"rendered":"\n<h2 class=\"wp-block-heading\">\u200b <br>Moje us\u0142ugi obejmuj\u0105: <\/h2>\n\n\n\n<h4 class=\"wp-block-heading\"><\/h4>\n\n\n\n<p>Sesje zdj\u0119ciowe plenerowe<\/p>\n\n\n\n<p>Pracujemy na terenie miasta Olsztyn i najbli\u017cszej okolicy. <\/p>\n\n\n\n<h2 class=\"wp-block-heading\">SESJA ZDJ\u0118CIOWA<\/h2>\n\n\n\n<h2 class=\"wp-block-heading\">indywidualne, rodzinne<\/h2>\n\n\n\n<h4 class=\"wp-block-heading\"><\/h4>\n\n\n\n<h4 class=\"wp-block-heading\">Pakiet standard &#8211; 750,00 z\u0142<\/h4>\n\n\n\n<p>Cena zawiera 12 zdj\u0119\u0107 w formacie jpg oraz 12 odbitek w rozmiarze 15 x 21 cm <\/p>\n\n\n\n<h4 class=\"wp-block-heading\" id=\"mce_19\">Pakiet komfort &#8211; 900,00 z\u0142<\/h4>\n\n\n\n<p>Cena zawiera 25 zdj\u0119\u0107 w formacie jpg oraz 25 odbitek w rozmiarze 15 x 21 cm <\/p>\n\n\n\n<h4 class=\"wp-block-heading\" id=\"mce_22\">Pakiet komfort plus album &#8211; 980,00 z\u0142<\/h4>\n\n\n\n<p>Cena zawiera 25 zdj\u0119\u0107 w formacie jpg oraz 25 odbitek w rozmiarze 15 x 21 cm oraz eko album 20&#215;20 cm 5 rozk\u0142ad\u00f3wek, twarde kartki<\/p>\n\n\n\n<p>Do ka\u017cdego pakietu mo\u017cna zam\u00f3wi\u0107 dodatkowe uj\u0119cia w cenie 60 z\u0142 ka\u017cde, oraz album w cenie 90 z\u0142<\/p>\n\n\n\n<p><\/p>\n","protected":false},"excerpt":{"rendered":"<p>\u200b Moje us\u0142ugi obejmuj\u0105: Sesje zdj\u0119ciowe plenerowe Pracujemy na terenie miasta Olsztyn i najbli\u017cszej okolicy. SESJA ZDJ\u0118CIOWA indywidualne, rodzinne Pakiet standard &#8211; 750,00 z\u0142 Cena zawiera 12 zdj\u0119\u0107 w formacie jpg oraz 12 odbitek w<a class=\"read-more\" href=\"https:\/\/evergreenolsztyn.com\/?page_id=79\">Continue reading<\/a><\/p>\n","protected":false},"author":7,"featured_media":0,"parent":0,"menu_order":0,"comment_status":"closed","ping_status":"closed","template":"","meta":{"_uag_custom_page_level_css":"","footnotes":""},"class_list":["post-79","page","type-page","status-publish","hentry"],"yoast_head":"<!-- This site is optimized with the Yoast SEO plugin v27.6 - https:\/\/yoast.com\/product\/yoast-seo-wordpress\/ -->\n<title>Oferta sesje os\u00f3b - Evergreen Studio Olsztyn<\/title>\n<meta name=\"robots\" content=\"index, follow, max-snippet:-1, max-image-preview:large, max-video-preview:-1\" \/>\n<link rel=\"canonical\" href=\"http:\/\/evergreenolsztyn.com\/?page_id=79\" \/>\n<meta property=\"og:locale\" content=\"pl_PL\" \/>\n<meta property=\"og:type\" content=\"article\" \/>\n<meta property=\"og:title\" content=\"Oferta sesje os\u00f3b - Evergreen Studio Olsztyn\" \/>\n<meta property=\"og:description\" content=\"\u200b Moje us\u0142ugi obejmuj\u0105: Sesje zdj\u0119ciowe plenerowe Pracujemy na terenie miasta Olsztyn i najbli\u017cszej okolicy. SESJA ZDJ\u0118CIOWA indywidualne, rodzinne Pakiet standard &#8211; 750,00 z\u0142 Cena zawiera 12 zdj\u0119\u0107 w formacie jpg oraz 12 odbitek wContinue reading\" \/>\n<meta property=\"og:url\" content=\"http:\/\/evergreenolsztyn.com\/?page_id=79\" \/>\n<meta property=\"og:site_name\" content=\"Evergreen Studio Olsztyn\" \/>\n<meta property=\"article:modified_time\" content=\"2025-09-27T15:44:55+00:00\" \/>\n<meta name=\"twitter:card\" content=\"summary_large_image\" \/>\n<meta name=\"twitter:label1\" content=\"Szacowany czas czytania\" \/>\n\t<meta name=\"twitter:data1\" content=\"1 minuta\" \/>\n<script type=\"application\/ld+json\" class=\"yoast-schema-graph\">{\"@context\":\"https:\\\/\\\/schema.org\",\"@graph\":[{\"@type\":\"WebPage\",\"@id\":\"http:\\\/\\\/evergreenolsztyn.com\\\/?page_id=79\",\"url\":\"http:\\\/\\\/evergreenolsztyn.com\\\/?page_id=79\",\"name\":\"Oferta sesje os\u00f3b - Evergreen Studio Olsztyn\",\"isPartOf\":{\"@id\":\"http:\\\/\\\/evergreenolsztyn.com\\\/#website\"},\"datePublished\":\"2019-05-01T18:02:48+00:00\",\"dateModified\":\"2025-09-27T15:44:55+00:00\",\"breadcrumb\":{\"@id\":\"http:\\\/\\\/evergreenolsztyn.com\\\/?page_id=79#breadcrumb\"},\"inLanguage\":\"pl-PL\",\"potentialAction\":[{\"@type\":\"ReadAction\",\"target\":[\"http:\\\/\\\/evergreenolsztyn.com\\\/?page_id=79\"]}]},{\"@type\":\"BreadcrumbList\",\"@id\":\"http:\\\/\\\/evergreenolsztyn.com\\\/?page_id=79#breadcrumb\",\"itemListElement\":[{\"@type\":\"ListItem\",\"position\":1,\"name\":\"Strona g\u0142\u00f3wna\",\"item\":\"http:\\\/\\\/evergreenolsztyn.com\\\/\"},{\"@type\":\"ListItem\",\"position\":2,\"name\":\"Oferta sesje os\u00f3b\"}]},{\"@type\":\"WebSite\",\"@id\":\"http:\\\/\\\/evergreenolsztyn.com\\\/#website\",\"url\":\"http:\\\/\\\/evergreenolsztyn.com\\\/\",\"name\":\"Evergreen Studio Olsztyn\",\"description\":\"Studio fotograficzne, sesje dzieci\u0119ce, rodzinne, zdj\u0119cia nieruchomo\u015b\u0107i\",\"potentialAction\":[{\"@type\":\"SearchAction\",\"target\":{\"@type\":\"EntryPoint\",\"urlTemplate\":\"http:\\\/\\\/evergreenolsztyn.com\\\/?s={search_term_string}\"},\"query-input\":{\"@type\":\"PropertyValueSpecification\",\"valueRequired\":true,\"valueName\":\"search_term_string\"}}],\"inLanguage\":\"pl-PL\"}]}<\/script>\n<!-- \/ Yoast SEO plugin. -->","yoast_head_json":{"title":"Oferta sesje os\u00f3b - Evergreen Studio Olsztyn","robots":{"index":"index","follow":"follow","max-snippet":"max-snippet:-1","max-image-preview":"max-image-preview:large","max-video-preview":"max-video-preview:-1"},"canonical":"http:\/\/evergreenolsztyn.com\/?page_id=79","og_locale":"pl_PL","og_type":"article","og_title":"Oferta sesje os\u00f3b - Evergreen Studio Olsztyn","og_description":"\u200b Moje us\u0142ugi obejmuj\u0105: Sesje zdj\u0119ciowe plenerowe Pracujemy na terenie miasta Olsztyn i najbli\u017cszej okolicy. SESJA ZDJ\u0118CIOWA indywidualne, rodzinne Pakiet standard &#8211; 750,00 z\u0142 Cena zawiera 12 zdj\u0119\u0107 w formacie jpg oraz 12 odbitek wContinue reading","og_url":"http:\/\/evergreenolsztyn.com\/?page_id=79","og_site_name":"Evergreen Studio Olsztyn","article_modified_time":"2025-09-27T15:44:55+00:00","twitter_card":"summary_large_image","twitter_misc":{"Szacowany czas czytania":"1 minuta"},"schema":{"@context":"https:\/\/schema.org","@graph":[{"@type":"WebPage","@id":"http:\/\/evergreenolsztyn.com\/?page_id=79","url":"http:\/\/evergreenolsztyn.com\/?page_id=79","name":"Oferta sesje os\u00f3b - Evergreen Studio Olsztyn","isPartOf":{"@id":"http:\/\/evergreenolsztyn.com\/#website"},"datePublished":"2019-05-01T18:02:48+00:00","dateModified":"2025-09-27T15:44:55+00:00","breadcrumb":{"@id":"http:\/\/evergreenolsztyn.com\/?page_id=79#breadcrumb"},"inLanguage":"pl-PL","potentialAction":[{"@type":"ReadAction","target":["http:\/\/evergreenolsztyn.com\/?page_id=79"]}]},{"@type":"BreadcrumbList","@id":"http:\/\/evergreenolsztyn.com\/?page_id=79#breadcrumb","itemListElement":[{"@type":"ListItem","position":1,"name":"Strona g\u0142\u00f3wna","item":"http:\/\/evergreenolsztyn.com\/"},{"@type":"ListItem","position":2,"name":"Oferta sesje os\u00f3b"}]},{"@type":"WebSite","@id":"http:\/\/evergreenolsztyn.com\/#website","url":"http:\/\/evergreenolsztyn.com\/","name":"Evergreen Studio Olsztyn","description":"Studio fotograficzne, sesje dzieci\u0119ce, rodzinne, zdj\u0119cia nieruchomo\u015b\u0107i","potentialAction":[{"@type":"SearchAction","target":{"@type":"EntryPoint","urlTemplate":"http:\/\/evergreenolsztyn.com\/?s={search_term_string}"},"query-input":{"@type":"PropertyValueSpecification","valueRequired":true,"valueName":"search_term_string"}}],"inLanguage":"pl-PL"}]}},"uagb_featured_image_src":{"full":false,"thumbnail":false,"medium":false,"medium_large":false,"large":false,"1536x1536":false,"2048x2048":false,"oria-carousel":false,"oria-small-thumb":false,"oria-large-thumb":false},"uagb_author_info":{"display_name":"Rados\u0142aw","author_link":"https:\/\/evergreenolsztyn.com\/?author=7"},"uagb_comment_info":0,"uagb_excerpt":"\u200b Moje us\u0142ugi obejmuj\u0105: Sesje zdj\u0119ciowe plenerowe Pracujemy na terenie miasta Olsztyn i najbli\u017cszej okolicy. SESJA ZDJ\u0118CIOWA indywidualne, rodzinne Pakiet standard &#8211; 750,00 z\u0142 Cena zawiera 12 zdj\u0119\u0107 w formacie jpg oraz 12 odbitek wContinue reading","jetpack_sharing_enabled":true,"jetpack_shortlink":"https:\/\/wp.me\/PaWyYL-1h","_links":{"self":[{"href":"https:\/\/evergreenolsztyn.com\/index.php?rest_route=\/wp\/v2\/pages\/79","targetHints":{"allow":["GET"]}}],"collection":[{"href":"https:\/\/evergreenolsztyn.com\/index.php?rest_route=\/wp\/v2\/pages"}],"about":[{"href":"https:\/\/evergreenolsztyn.com\/index.php?rest_route=\/wp\/v2\/types\/page"}],"author":[{"embeddable":true,"href":"https:\/\/evergreenolsztyn.com\/index.php?rest_route=\/wp\/v2\/users\/7"}],"replies":[{"embeddable":true,"href":"https:\/\/evergreenolsztyn.com\/index.php?rest_route=%2Fwp%2Fv2%2Fcomments&post=79"}],"version-history":[{"count":11,"href":"https:\/\/evergreenolsztyn.com\/index.php?rest_route=\/wp\/v2\/pages\/79\/revisions"}],"predecessor-version":[{"id":1199,"href":"https:\/\/evergreenolsztyn.com\/index.php?rest_route=\/wp\/v2\/pages\/79\/revisions\/1199"}],"wp:attachment":[{"href":"https:\/\/evergreenolsztyn.com\/index.php?rest_route=%2Fwp%2Fv2%2Fmedia&parent=79"}],"curies":[{"name":"wp","href":"https:\/\/api.w.org\/{rel}","templated":true}]}}